{"id":210,"date":"2017-06-27T20:37:45","date_gmt":"2017-06-27T19:37:45","guid":{"rendered":"http:\/\/www.gouttieres2000plus.com\/nos-avantages\/"},"modified":"2025-09-04T13:38:30","modified_gmt":"2025-09-04T12:38:30","slug":"our-products","status":"publish","type":"page","link":"https:\/\/www.gouttieres2000plus.com\/en\/our-products\/","title":{"rendered":"Our products"},"content":{"rendered":"<div class=\"wpb-content-wrapper\">[vc_row][vc_column][vc_column_text disable_pattern=&#8221;false&#8221; align=&#8221;center&#8221; css=&#8221;.vc_custom_1756989362055{margin-bottom: 0px !important;}&#8221;]\n<h1>We offer a complete line of gutter products and accessories to meet the needs of every property in the Laurentians :<\/h1>\n[\/vc_column_text][vc_single_image image=&#8221;43&#8243; img_size=&#8221;full&#8221; alignment=&#8221;center&#8221; css_animation=&#8221;bounceInDown&#8221;][vc_column_text disable_pattern=&#8221;false&#8221; align=&#8221;center&#8221; css=&#8221;.vc_custom_1756989388128{margin-bottom: 0px !important;}&#8221;][\/vc_column_text][vc_column_text disable_pattern=&#8221;false&#8221; align=&#8221;center&#8221; css=&#8221;.vc_custom_1756989396887{margin-bottom: 0px !important;}&#8221;]Our products are selected for their durability, aesthetic and designed for our Quebec climates.[\/vc_column_text][\/vc_column][\/vc_row][vc_row fullwidth=&#8221;true&#8221; fullwidth_content=&#8221;false&#8221; parallax=&#8221;content-moving-fade&#8221; css=&#8221;.vc_custom_1501679497019{background-image: url(http:\/\/www.gouttieres2000plus.com\/wp-content\/uploads\/2017\/06\/bg-avantages-v1.jpg?id=118) !important;background-position: 0 0;background-repeat: no-repeat !important;}&#8221;][vc_column][vc_empty_space height=&#8221;50px&#8221;][vc_row_inner][vc_column_inner][vc_column_text disable_pattern=&#8221;false&#8221; align=&#8221;center&#8221; el_class=&#8221;bloc-avantages&#8221; css=&#8221;.vc_custom_1756989434170{margin-bottom: 0px !important;}&#8221;]\n<h3 style=\"text-align: center;\">A large selection of gutters:<\/h3>\n<ul>\n<li style=\"text-align: center;\">Aluminium 5\u2019\u2019 or 6\u2019\u2019<\/li>\n<li style=\"text-align: center;\">Steel 5\u2019\u2019 or 6\u2019\u2019<\/li>\n<li style=\"text-align: center;\">Copper 5\u2019\u2019 or 6\u2019\u2019<\/li>\n<li style=\"text-align: center;\">Premium quality aluminum and steel<\/li>\n<li style=\"text-align: center;\">Contemporary and resistant gutters, without nail<\/li>\n<li style=\"text-align: center;\">Various colours that harmonize with your home and make your gutters almost invisible: Gentek, Kaycan and Alumi-Pro (Royal)<\/li>\n<li><\/li>\n<li style=\"text-align: center;\">\n<h3 style=\"text-align: center;\">Many accessories to enhance the performance of your system:<\/h3>\n<ul>\n<li style=\"text-align: center;\">Flexible downspout extensions<\/li>\n<li style=\"text-align: center;\">J-Trim to modify the angle of your gutter<\/li>\n<li style=\"text-align: center;\">Fasteners (Valley)<\/li>\n<li style=\"text-align: center;\">A variety of leaf protectors (Alurex)<\/li>\n<li style=\"text-align: center;\">Aluminium, steel and copper downspouts: 2\u00d73, 3\u00d73 and 3\u00d74<\/li>\n<li style=\"text-align: center;\">Chain gutter downspouts<\/li>\n<li style=\"text-align: center;\">Possibility to buy items directly at our counter[vc_row][vc_column width=&#8221;1\/1&#8243;][vc_column_text]<\/li>\n<\/ul>\n<\/li>\n<\/ul>\n[\/vc_column_text][\/vc_column_inner][\/vc_row_inner][vc_empty_space height=&#8221;50px&#8221;][\/vc_column][\/vc_row]\n<\/div>","protected":false},"excerpt":{"rendered":"<p>[vc_row][vc_column][vc_column_text disable_pattern=&#8221;false&#8221; align=&#8221;center&#8221; css=&#8221;.vc_custom_1756989362055{margin-bottom: 0px !important;}&#8221;] We offer a complete line of gutter products and accessories to meet the needs of every property in the Laurentians : [\/vc_column_text][vc_single_image image=&#8221;43&#8243; img_size=&#8221;full&#8221; alignment=&#8221;center&#8221; css_animation=&#8221;bounceInDown&#8221;][vc_column_text disable_pattern=&#8221;false&#8221; align=&#8221;center&#8221; css=&#8221;.vc_custom_1756989388128{margin-bottom: 0px !important;}&#8221;][\/vc_column_text][vc_column_text disable_pattern=&#8221;false&#8221; align=&#8221;center&#8221; css=&#8221;.vc_custom_1756989396887{margin-bottom: 0px !important;}&#8221;]Our products are selected for their durability, aesthetic and designed for our Quebec climates.[\/vc_column_text][\/vc_column][\/vc_row][vc_row [&hellip;]<\/p>\n","protected":false},"author":1,"featured_media":0,"parent":0,"menu_order":0,"comment_status":"closed","ping_status":"closed","template":"","meta":{"footnotes":""},"class_list":["post-210","page","type-page","status-publish","hentry"],"yoast_head":"<!-- This site is optimized with the Yoast SEO plugin v27.5 - https:\/\/yoast.com\/product\/yoast-seo-wordpress\/ -->\n<title>Benefits of our gutters | Goutti\u00e8res 2000 Plus<\/title>\n<meta name=\"description\" content=\"For 17 years, Goutti\u00e8res 2000 has offered you a wide range of durable gutters for all of your residential, commercial and industrial projects.\" \/>\n<meta name=\"robots\" content=\"index, follow, max-snippet:-1, max-image-preview:large, max-video-preview:-1\" \/>\n<link rel=\"canonical\" href=\"https:\/\/www.gouttieres2000plus.com\/en\/our-products\/\" \/>\n<meta property=\"og:locale\" content=\"en_US\" \/>\n<meta property=\"og:type\" content=\"article\" \/>\n<meta property=\"og:title\" content=\"Benefits of our gutters | Goutti\u00e8res 2000 Plus\" \/>\n<meta property=\"og:description\" content=\"For 17 years, Goutti\u00e8res 2000 has offered you a wide range of durable gutters for all of your residential, commercial and industrial projects.\" \/>\n<meta property=\"og:url\" content=\"https:\/\/www.gouttieres2000plus.com\/en\/our-products\/\" \/>\n<meta property=\"og:site_name\" content=\"Les Goutti\u00e8res 2000 plus\" \/>\n<meta property=\"article:modified_time\" content=\"2025-09-04T12:38:30+00:00\" \/>\n<meta name=\"twitter:card\" content=\"summary_large_image\" \/>\n<meta name=\"twitter:label1\" content=\"Est. reading time\" \/>\n\t<meta name=\"twitter:data1\" content=\"1 minute\" \/>\n<script type=\"application\/ld+json\" class=\"yoast-schema-graph\">{\"@context\":\"https:\\\/\\\/schema.org\",\"@graph\":[{\"@type\":\"WebPage\",\"@id\":\"https:\\\/\\\/www.gouttieres2000plus.com\\\/en\\\/our-products\\\/\",\"url\":\"https:\\\/\\\/www.gouttieres2000plus.com\\\/en\\\/our-products\\\/\",\"name\":\"Benefits of our gutters | Goutti\u00e8res 2000 Plus\",\"isPartOf\":{\"@id\":\"https:\\\/\\\/www.gouttieres2000plus.com\\\/#website\"},\"datePublished\":\"2017-06-27T19:37:45+00:00\",\"dateModified\":\"2025-09-04T12:38:30+00:00\",\"description\":\"For 17 years, Goutti\u00e8res 2000 has offered you a wide range of durable gutters for all of your residential, commercial and industrial projects.\",\"breadcrumb\":{\"@id\":\"https:\\\/\\\/www.gouttieres2000plus.com\\\/en\\\/our-products\\\/#breadcrumb\"},\"inLanguage\":\"en-US\",\"potentialAction\":[{\"@type\":\"ReadAction\",\"target\":[\"https:\\\/\\\/www.gouttieres2000plus.com\\\/en\\\/our-products\\\/\"]}]},{\"@type\":\"BreadcrumbList\",\"@id\":\"https:\\\/\\\/www.gouttieres2000plus.com\\\/en\\\/our-products\\\/#breadcrumb\",\"itemListElement\":[{\"@type\":\"ListItem\",\"position\":1,\"name\":\"Accueil\",\"item\":\"https:\\\/\\\/www.gouttieres2000plus.com\\\/en\\\/\"},{\"@type\":\"ListItem\",\"position\":2,\"name\":\"Our products\"}]},{\"@type\":\"WebSite\",\"@id\":\"https:\\\/\\\/www.gouttieres2000plus.com\\\/#website\",\"url\":\"https:\\\/\\\/www.gouttieres2000plus.com\\\/\",\"name\":\"Les Goutti\u00e8res 2000 plus\",\"description\":\"Votre expert dans les Laurentides depuis plus de 25 ans.\",\"potentialAction\":[{\"@type\":\"SearchAction\",\"target\":{\"@type\":\"EntryPoint\",\"urlTemplate\":\"https:\\\/\\\/www.gouttieres2000plus.com\\\/?s={search_term_string}\"},\"query-input\":{\"@type\":\"PropertyValueSpecification\",\"valueRequired\":true,\"valueName\":\"search_term_string\"}}],\"inLanguage\":\"en-US\"}]}<\/script>\n<!-- \/ Yoast SEO plugin. -->","yoast_head_json":{"title":"Benefits of our gutters | Goutti\u00e8res 2000 Plus","description":"For 17 years, Goutti\u00e8res 2000 has offered you a wide range of durable gutters for all of your residential, commercial and industrial projects.","robots":{"index":"index","follow":"follow","max-snippet":"max-snippet:-1","max-image-preview":"max-image-preview:large","max-video-preview":"max-video-preview:-1"},"canonical":"https:\/\/www.gouttieres2000plus.com\/en\/our-products\/","og_locale":"en_US","og_type":"article","og_title":"Benefits of our gutters | Goutti\u00e8res 2000 Plus","og_description":"For 17 years, Goutti\u00e8res 2000 has offered you a wide range of durable gutters for all of your residential, commercial and industrial projects.","og_url":"https:\/\/www.gouttieres2000plus.com\/en\/our-products\/","og_site_name":"Les Goutti\u00e8res 2000 plus","article_modified_time":"2025-09-04T12:38:30+00:00","twitter_card":"summary_large_image","twitter_misc":{"Est. reading time":"1 minute"},"schema":{"@context":"https:\/\/schema.org","@graph":[{"@type":"WebPage","@id":"https:\/\/www.gouttieres2000plus.com\/en\/our-products\/","url":"https:\/\/www.gouttieres2000plus.com\/en\/our-products\/","name":"Benefits of our gutters | Goutti\u00e8res 2000 Plus","isPartOf":{"@id":"https:\/\/www.gouttieres2000plus.com\/#website"},"datePublished":"2017-06-27T19:37:45+00:00","dateModified":"2025-09-04T12:38:30+00:00","description":"For 17 years, Goutti\u00e8res 2000 has offered you a wide range of durable gutters for all of your residential, commercial and industrial projects.","breadcrumb":{"@id":"https:\/\/www.gouttieres2000plus.com\/en\/our-products\/#breadcrumb"},"inLanguage":"en-US","potentialAction":[{"@type":"ReadAction","target":["https:\/\/www.gouttieres2000plus.com\/en\/our-products\/"]}]},{"@type":"BreadcrumbList","@id":"https:\/\/www.gouttieres2000plus.com\/en\/our-products\/#breadcrumb","itemListElement":[{"@type":"ListItem","position":1,"name":"Accueil","item":"https:\/\/www.gouttieres2000plus.com\/en\/"},{"@type":"ListItem","position":2,"name":"Our products"}]},{"@type":"WebSite","@id":"https:\/\/www.gouttieres2000plus.com\/#website","url":"https:\/\/www.gouttieres2000plus.com\/","name":"Les Goutti\u00e8res 2000 plus","description":"Votre expert dans les Laurentides depuis plus de 25 ans.","potentialAction":[{"@type":"SearchAction","target":{"@type":"EntryPoint","urlTemplate":"https:\/\/www.gouttieres2000plus.com\/?s={search_term_string}"},"query-input":{"@type":"PropertyValueSpecification","valueRequired":true,"valueName":"search_term_string"}}],"inLanguage":"en-US"}]}},"_links":{"self":[{"href":"https:\/\/www.gouttieres2000plus.com\/en\/wp-json\/wp\/v2\/pages\/210","targetHints":{"allow":["GET"]}}],"collection":[{"href":"https:\/\/www.gouttieres2000plus.com\/en\/wp-json\/wp\/v2\/pages"}],"about":[{"href":"https:\/\/www.gouttieres2000plus.com\/en\/wp-json\/wp\/v2\/types\/page"}],"author":[{"embeddable":true,"href":"https:\/\/www.gouttieres2000plus.com\/en\/wp-json\/wp\/v2\/users\/1"}],"replies":[{"embeddable":true,"href":"https:\/\/www.gouttieres2000plus.com\/en\/wp-json\/wp\/v2\/comments?post=210"}],"version-history":[{"count":6,"href":"https:\/\/www.gouttieres2000plus.com\/en\/wp-json\/wp\/v2\/pages\/210\/revisions"}],"predecessor-version":[{"id":1867,"href":"https:\/\/www.gouttieres2000plus.com\/en\/wp-json\/wp\/v2\/pages\/210\/revisions\/1867"}],"wp:attachment":[{"href":"https:\/\/www.gouttieres2000plus.com\/en\/wp-json\/wp\/v2\/media?parent=210"}],"curies":[{"name":"wp","href":"https:\/\/api.w.org\/{rel}","templated":true}]}}