{"id":1942,"date":"2025-09-05T14:12:05","date_gmt":"2025-09-05T13:12:05","guid":{"rendered":"https:\/\/www.gouttieres2000plus.com\/?page_id=1942"},"modified":"2025-09-08T12:57:11","modified_gmt":"2025-09-08T11:57:11","slug":"about-us","status":"publish","type":"page","link":"https:\/\/www.gouttieres2000plus.com\/en\/about-us\/","title":{"rendered":"About us"},"content":{"rendered":"<div class=\"wpb-content-wrapper\">[vc_row][vc_column][vc_column_text css=&#8221;.vc_custom_1757332626352{margin-bottom: 0px !important;}&#8221;]\r\n<p>For over 25 years, Goutti\u00e8res 2000 Plus has been a local company specializing in gutter installation, repair, and cleaning in the greater Laurentians region. A division of Aluminium J Cl\u00e9ment, the company has built a solid reputation based on the quality of its service, attention to detail, and customer service.<\/p>\r\n<p>-Why choose Goutti\u00e8res 2000 Plus?<\/p>\r\n<p>&#8211; Free on-site quote for your residential and commercial projects.<br \/>&#8211; Warranty on materials and workmanship for a lasting investment.<br \/>&#8211; Experienced and professional team, attentive to the needs of each client.<br \/>&#8211; Local company in the Laurentians with in-depth knowledge of the region&#8217;s climate and realities.<\/p>\r\n<p><!-- \/wp:post-content -->\u00a0<\/p>\r\n<!-- wp:paragraph {\"align\":\"center\"} -->\r\n<p class=\"has-text-align-center\">With Goutti\u00e8res 2000 Plus, you benefit from a client-based service, robust installations, and complete peace of mind.<\/p>\r\n<p><!-- \/wp:paragraph -->\u00a0<\/p>\r\n<!-- wp:cover {\"url\":\"https:\/\/www.gouttieres2000plus.com\/wp-content\/uploads\/2017\/06\/bg-avantages-v1-1024x804.jpg\",\"id\":118,\"dimRatio\":50,\"style\":{\"color\":[]}} -->\r\n<div class=\"wp-block-cover\">\r\n<p><img loading=\"lazy\" decoding=\"async\" width=\"1024\" height=\"804\" class=\"wp-block-cover__image-background wp-image-118\" src=\"https:\/\/www.gouttieres2000plus.com\/wp-content\/uploads\/2017\/06\/bg-avantages-v1-1024x804.jpg\" alt=\"\" data-object-fit=\"cover\" srcset=\"https:\/\/www.gouttieres2000plus.com\/wp-content\/uploads\/2017\/06\/bg-avantages-v1-1024x804.jpg 1024w, https:\/\/www.gouttieres2000plus.com\/wp-content\/uploads\/2017\/06\/bg-avantages-v1-300x236.jpg 300w, https:\/\/www.gouttieres2000plus.com\/wp-content\/uploads\/2017\/06\/bg-avantages-v1-768x603.jpg 768w, https:\/\/www.gouttieres2000plus.com\/wp-content\/uploads\/2017\/06\/bg-avantages-v1.jpg 1800w\" sizes=\"auto, (max-width: 1024px) 100vw, 1024px\" \/><\/p>\r\n<div class=\"wp-block-cover__inner-container\"><!-- wp:paragraph {\"align\":\"center\",\"fontSize\":\"large\"} -->\r\n<p class=\"has-text-align-center has-large-font-size\">We serve the greater Laurentians region, including the following cities:<\/p>\r\n<p class=\"has-text-align-center has-large-font-size\">\u00a0Mont-Tremblant, Mont-Blanc, Lac-Sup\u00e9rieur, Br\u00e9beuf, La Conception,Sainte-Agathe-des-monts, Saint-Sauveur, Val-David, Rivi\u00e8re-Rouge, Labelle, Ivry sur le lac, Saint-R\u00e9mi d\u2019Amherst, La Minerve, La Macaza, Nominingue, Morin-Heights, Saint- Adolphe-d\u2019Howard, Saint-Donat, Huberdeau, Arundel, Barkmere, Boileau, Lac des Plages, Lantier, Sainte-Ad\u00e8le, Saint-Donat, Sainte-Lucie-Des-Laurentides, Val-des- Lacs, Val-Morin, Vend\u00e9e, Sainte-Anne-Des-Lacs, Sainte-Marguerite-du-Lac-<br \/>Masson, Lac-des-Seizes-\u00celes, Harrington, Est\u00e9rel, Montcalm, Wentworth-Nord, Pr\u00e9vost, Piedmont, Weir, Rockway-Valley, L\u2019Ascension.<\/p>\r\n<!-- \/wp:paragraph -->\r\n\r\n<!-- wp:paragraph {\"align\":\"center\",\"fontSize\":\"large\"} \/--><\/div>\r\n<\/div>\r\n<p><!-- \/wp:cover -->\u00a0<\/p>\r\n[\/vc_column_text][\/vc_column][\/vc_row]<\/div>","protected":false},"excerpt":{"rendered":"<p>[vc_row][vc_column][vc_column_text css=&#8221;.vc_custom_1757332626352{margin-bottom: 0px !important;}&#8221;] For over 25 years, Goutti\u00e8res 2000 Plus has been a local company specializing in gutter installation, repair, and cleaning in the greater Laurentians region. A division of Aluminium J Cl\u00e9ment, the company has built a solid reputation based on the quality of its service, attention to detail, and customer service. -Why [&hellip;]<\/p>\n","protected":false},"author":7,"featured_media":0,"parent":0,"menu_order":0,"comment_status":"closed","ping_status":"closed","template":"","meta":{"footnotes":""},"class_list":["post-1942","page","type-page","status-publish","hentry"],"yoast_head":"<!-- This site is optimized with the Yoast SEO plugin v27.5 - https:\/\/yoast.com\/product\/yoast-seo-wordpress\/ -->\n<title>About us - Les Goutti\u00e8res 2000 plus<\/title>\n<meta name=\"robots\" content=\"index, follow, max-snippet:-1, max-image-preview:large, max-video-preview:-1\" \/>\n<link rel=\"canonical\" href=\"https:\/\/www.gouttieres2000plus.com\/en\/about-us\/\" \/>\n<meta property=\"og:locale\" content=\"en_US\" \/>\n<meta property=\"og:type\" content=\"article\" \/>\n<meta property=\"og:title\" content=\"About us - Les Goutti\u00e8res 2000 plus\" \/>\n<meta property=\"og:description\" content=\"[vc_row][vc_column][vc_column_text css=&#8221;.vc_custom_1757332626352{margin-bottom: 0px !important;}&#8221;] For over 25 years, Goutti\u00e8res 2000 Plus has been a local company specializing in gutter installation, repair, and cleaning in the greater Laurentians region. A division of Aluminium J Cl\u00e9ment, the company has built a solid reputation based on the quality of its service, attention to detail, and customer service. -Why [&hellip;]\" \/>\n<meta property=\"og:url\" content=\"https:\/\/www.gouttieres2000plus.com\/en\/about-us\/\" \/>\n<meta property=\"og:site_name\" content=\"Les Goutti\u00e8res 2000 plus\" \/>\n<meta property=\"article:modified_time\" content=\"2025-09-08T11:57:11+00:00\" \/>\n<meta property=\"og:image\" content=\"https:\/\/www.gouttieres2000plus.com\/wp-content\/uploads\/2017\/06\/bg-avantages-v1.jpg\" \/>\n\t<meta property=\"og:image:width\" content=\"1800\" \/>\n\t<meta property=\"og:image:height\" content=\"1414\" \/>\n\t<meta property=\"og:image:type\" content=\"image\/jpeg\" \/>\n<meta name=\"twitter:card\" content=\"summary_large_image\" \/>\n<meta name=\"twitter:label1\" content=\"Est. reading time\" \/>\n\t<meta name=\"twitter:data1\" content=\"2 minutes\" \/>\n<script type=\"application\/ld+json\" class=\"yoast-schema-graph\">{\"@context\":\"https:\\\/\\\/schema.org\",\"@graph\":[{\"@type\":\"WebPage\",\"@id\":\"https:\\\/\\\/www.gouttieres2000plus.com\\\/en\\\/about-us\\\/\",\"url\":\"https:\\\/\\\/www.gouttieres2000plus.com\\\/en\\\/about-us\\\/\",\"name\":\"About us - Les Goutti\u00e8res 2000 plus\",\"isPartOf\":{\"@id\":\"https:\\\/\\\/www.gouttieres2000plus.com\\\/#website\"},\"primaryImageOfPage\":{\"@id\":\"https:\\\/\\\/www.gouttieres2000plus.com\\\/en\\\/about-us\\\/#primaryimage\"},\"image\":{\"@id\":\"https:\\\/\\\/www.gouttieres2000plus.com\\\/en\\\/about-us\\\/#primaryimage\"},\"thumbnailUrl\":\"https:\\\/\\\/www.gouttieres2000plus.com\\\/wp-content\\\/uploads\\\/2017\\\/06\\\/bg-avantages-v1-1024x804.jpg\",\"datePublished\":\"2025-09-05T13:12:05+00:00\",\"dateModified\":\"2025-09-08T11:57:11+00:00\",\"breadcrumb\":{\"@id\":\"https:\\\/\\\/www.gouttieres2000plus.com\\\/en\\\/about-us\\\/#breadcrumb\"},\"inLanguage\":\"en-US\",\"potentialAction\":[{\"@type\":\"ReadAction\",\"target\":[\"https:\\\/\\\/www.gouttieres2000plus.com\\\/en\\\/about-us\\\/\"]}]},{\"@type\":\"ImageObject\",\"inLanguage\":\"en-US\",\"@id\":\"https:\\\/\\\/www.gouttieres2000plus.com\\\/en\\\/about-us\\\/#primaryimage\",\"url\":\"https:\\\/\\\/www.gouttieres2000plus.com\\\/wp-content\\\/uploads\\\/2017\\\/06\\\/bg-avantages-v1-1024x804.jpg\",\"contentUrl\":\"https:\\\/\\\/www.gouttieres2000plus.com\\\/wp-content\\\/uploads\\\/2017\\\/06\\\/bg-avantages-v1-1024x804.jpg\"},{\"@type\":\"BreadcrumbList\",\"@id\":\"https:\\\/\\\/www.gouttieres2000plus.com\\\/en\\\/about-us\\\/#breadcrumb\",\"itemListElement\":[{\"@type\":\"ListItem\",\"position\":1,\"name\":\"Accueil\",\"item\":\"https:\\\/\\\/www.gouttieres2000plus.com\\\/en\\\/\"},{\"@type\":\"ListItem\",\"position\":2,\"name\":\"About us\"}]},{\"@type\":\"WebSite\",\"@id\":\"https:\\\/\\\/www.gouttieres2000plus.com\\\/#website\",\"url\":\"https:\\\/\\\/www.gouttieres2000plus.com\\\/\",\"name\":\"Les Goutti\u00e8res 2000 plus\",\"description\":\"Votre expert dans les Laurentides depuis plus de 25 ans.\",\"potentialAction\":[{\"@type\":\"SearchAction\",\"target\":{\"@type\":\"EntryPoint\",\"urlTemplate\":\"https:\\\/\\\/www.gouttieres2000plus.com\\\/?s={search_term_string}\"},\"query-input\":{\"@type\":\"PropertyValueSpecification\",\"valueRequired\":true,\"valueName\":\"search_term_string\"}}],\"inLanguage\":\"en-US\"}]}<\/script>\n<!-- \/ Yoast SEO plugin. -->","yoast_head_json":{"title":"About us - Les Goutti\u00e8res 2000 plus","robots":{"index":"index","follow":"follow","max-snippet":"max-snippet:-1","max-image-preview":"max-image-preview:large","max-video-preview":"max-video-preview:-1"},"canonical":"https:\/\/www.gouttieres2000plus.com\/en\/about-us\/","og_locale":"en_US","og_type":"article","og_title":"About us - Les Goutti\u00e8res 2000 plus","og_description":"[vc_row][vc_column][vc_column_text css=&#8221;.vc_custom_1757332626352{margin-bottom: 0px !important;}&#8221;] For over 25 years, Goutti\u00e8res 2000 Plus has been a local company specializing in gutter installation, repair, and cleaning in the greater Laurentians region. A division of Aluminium J Cl\u00e9ment, the company has built a solid reputation based on the quality of its service, attention to detail, and customer service. -Why [&hellip;]","og_url":"https:\/\/www.gouttieres2000plus.com\/en\/about-us\/","og_site_name":"Les Goutti\u00e8res 2000 plus","article_modified_time":"2025-09-08T11:57:11+00:00","og_image":[{"width":1800,"height":1414,"url":"https:\/\/www.gouttieres2000plus.com\/wp-content\/uploads\/2017\/06\/bg-avantages-v1.jpg","type":"image\/jpeg"}],"twitter_card":"summary_large_image","twitter_misc":{"Est. reading time":"2 minutes"},"schema":{"@context":"https:\/\/schema.org","@graph":[{"@type":"WebPage","@id":"https:\/\/www.gouttieres2000plus.com\/en\/about-us\/","url":"https:\/\/www.gouttieres2000plus.com\/en\/about-us\/","name":"About us - Les Goutti\u00e8res 2000 plus","isPartOf":{"@id":"https:\/\/www.gouttieres2000plus.com\/#website"},"primaryImageOfPage":{"@id":"https:\/\/www.gouttieres2000plus.com\/en\/about-us\/#primaryimage"},"image":{"@id":"https:\/\/www.gouttieres2000plus.com\/en\/about-us\/#primaryimage"},"thumbnailUrl":"https:\/\/www.gouttieres2000plus.com\/wp-content\/uploads\/2017\/06\/bg-avantages-v1-1024x804.jpg","datePublished":"2025-09-05T13:12:05+00:00","dateModified":"2025-09-08T11:57:11+00:00","breadcrumb":{"@id":"https:\/\/www.gouttieres2000plus.com\/en\/about-us\/#breadcrumb"},"inLanguage":"en-US","potentialAction":[{"@type":"ReadAction","target":["https:\/\/www.gouttieres2000plus.com\/en\/about-us\/"]}]},{"@type":"ImageObject","inLanguage":"en-US","@id":"https:\/\/www.gouttieres2000plus.com\/en\/about-us\/#primaryimage","url":"https:\/\/www.gouttieres2000plus.com\/wp-content\/uploads\/2017\/06\/bg-avantages-v1-1024x804.jpg","contentUrl":"https:\/\/www.gouttieres2000plus.com\/wp-content\/uploads\/2017\/06\/bg-avantages-v1-1024x804.jpg"},{"@type":"BreadcrumbList","@id":"https:\/\/www.gouttieres2000plus.com\/en\/about-us\/#breadcrumb","itemListElement":[{"@type":"ListItem","position":1,"name":"Accueil","item":"https:\/\/www.gouttieres2000plus.com\/en\/"},{"@type":"ListItem","position":2,"name":"About us"}]},{"@type":"WebSite","@id":"https:\/\/www.gouttieres2000plus.com\/#website","url":"https:\/\/www.gouttieres2000plus.com\/","name":"Les Goutti\u00e8res 2000 plus","description":"Votre expert dans les Laurentides depuis plus de 25 ans.","potentialAction":[{"@type":"SearchAction","target":{"@type":"EntryPoint","urlTemplate":"https:\/\/www.gouttieres2000plus.com\/?s={search_term_string}"},"query-input":{"@type":"PropertyValueSpecification","valueRequired":true,"valueName":"search_term_string"}}],"inLanguage":"en-US"}]}},"_links":{"self":[{"href":"https:\/\/www.gouttieres2000plus.com\/en\/wp-json\/wp\/v2\/pages\/1942","targetHints":{"allow":["GET"]}}],"collection":[{"href":"https:\/\/www.gouttieres2000plus.com\/en\/wp-json\/wp\/v2\/pages"}],"about":[{"href":"https:\/\/www.gouttieres2000plus.com\/en\/wp-json\/wp\/v2\/types\/page"}],"author":[{"embeddable":true,"href":"https:\/\/www.gouttieres2000plus.com\/en\/wp-json\/wp\/v2\/users\/7"}],"replies":[{"embeddable":true,"href":"https:\/\/www.gouttieres2000plus.com\/en\/wp-json\/wp\/v2\/comments?post=1942"}],"version-history":[{"count":3,"href":"https:\/\/www.gouttieres2000plus.com\/en\/wp-json\/wp\/v2\/pages\/1942\/revisions"}],"predecessor-version":[{"id":2009,"href":"https:\/\/www.gouttieres2000plus.com\/en\/wp-json\/wp\/v2\/pages\/1942\/revisions\/2009"}],"wp:attachment":[{"href":"https:\/\/www.gouttieres2000plus.com\/en\/wp-json\/wp\/v2\/media?parent=1942"}],"curies":[{"name":"wp","href":"https:\/\/api.w.org\/{rel}","templated":true}]}}